{"id":80,"date":"2011-12-10T15:14:40","date_gmt":"2011-12-10T15:14:40","guid":{"rendered":"http:\/\/aktuellt.langtanochlust.com\/?page_id=80"},"modified":"2021-12-15T20:59:59","modified_gmt":"2021-12-15T20:59:59","slug":"presentation","status":"publish","type":"page","link":"https:\/\/langtanochlust.com\/?page_id=80","title":{"rendered":"Presentation"},"content":{"rendered":"<p><a href=\"http:\/\/media.langtanochlust.com\/2011\/12\/Lill_Andersson_13.jpg\"><img decoding=\"async\" loading=\"lazy\" class=\"size-medium wp-image-95 alignright\" title=\"Lill_Andersson_13\" src=\"http:\/\/media.langtanochlust.com\/2011\/12\/Lill_Andersson_13-300x200.jpg\" alt=\"\" width=\"300\" height=\"200\" srcset=\"http:\/\/media.langtanochlust.com\/2011\/12\/Lill_Andersson_13-300x200.jpg 300w, http:\/\/media.langtanochlust.com\/2011\/12\/Lill_Andersson_13-1024x682.jpg 1024w\" sizes=\"(max-width: 300px) 100vw, 300px\" \/><\/a><strong>L\u00c4NGTAN &amp; LUST<\/strong> <strong>har kommit till utifr\u00e5n min egen l\u00e4ngtan:<\/strong><br \/>\n<strong> \u2013 att v\u00e5ga vara den jag innerst inne \u00e4r och att v\u00e5ga leva det liv jag vill leva.<\/strong><br \/>\n<strong> \u2013 att finna lusten \u2013 lusten att \u00e4lska, m\u00f6tas, arbeta och att leva.<\/strong><\/p>\n<p><strong>Jag har flera g\u00e5nger i livet tappat lusten p\u00e5 olika omr\u00e5den, men hittat en djupare lust att leva och gl\u00e4djas \u2013 vilket jag \u00e4r mycket tacksam f\u00f6r.<\/strong><\/p>\n<p><strong>Jag har under m\u00e5nga \u00e5r arbetat som administrativ chef inom h\u00f6gskolan och haft f\u00f6rm\u00e5nen att leda f\u00f6r\u00e4ndringar b\u00e5de f\u00f6r enskilda individer och f\u00f6r olika organisationer. Jag \u00e4r certifierad coach och har l\u00e5ng erfarenhet av coachande samtal och personlig utveckling. Jag arbetar nu deltid som energiterapeut och deltid som administrat\u00f6r p\u00e5 Rosenkors-Orden AMORC &#8211; en initiatorisk Orden som f\u00f6rmedlar en tidl\u00f6s kunskap ned\u00e4rvd fr\u00e5n Egyptens och antikens gamla mysteriskolor.<\/strong><\/p>\n<p><strong>Jag har ett flertal kurser i Healing (Reikihealing, ASK-healing och \u00c4nglahealing) samt utbildning i samtalsterapi med psykosyntes som grund. Jag \u00e4r \u00e4ven certifierad coach.<\/strong><\/p>\n<p><strong>Det viktigaste f\u00f6r mig har dock varit m\u00f6ten med m\u00e4nniskor, mitt eget skrivande, kurser d\u00e4r jag verkligen f\u00e5tt m\u00f6ta mig sj\u00e4lv och m\u00e5nga stunder i tystnad och stillhet.<\/strong><\/p>\n<p><strong>Det har ocks\u00e5 varit viktigt att v\u00e5ga l\u00e4mna till synes trygga sammanhang och g\u00e5 vidare f\u00f6r att finna tryggheten inom mig sj\u00e4lv.<\/strong><\/p>\n<p><strong>Genom min inre resa har jag utvecklat min intuitiva f\u00f6rm\u00e5ga och min andliga kontakt.<\/strong><\/p>\n<p><strong>Min grundsyn \u00e4r att vi kan leva ett gott och gl\u00e4djefyllt liv genom att lyssna till kropp och sj\u00e4l och ta ansvar utifr\u00e5n den v\u00e4gledning vi f\u00e5r.<\/strong><\/p>\n<p><strong>Jag inbjuder dig att lyssna till din l\u00e4ngtan i samtal och i avslappnande behandlingar och meditationer.<\/strong><\/p>\n<p><strong>Mitt m\u00e5l \u00e4r att skapa en varm och trygg milj\u00f6 d\u00e4r alla k\u00e4nslor \u00e4r till\u00e5tna och m\u00f6jlighet finns att prata om allt.<\/strong><\/p>\n<p><strong>Jag\u00a0 leder dig varsamt och k\u00e4rleksfullt men utan att vika undan f\u00f6r det sv\u00e5ra som du kan beh\u00f6va m\u00f6ta.<\/strong><\/p>\n<p><strong><em>Varmt v\u00e4lkommen, Lill Andersson<\/em><\/strong><\/p>\n<p>Foto: Hans P.A. Karlsson, journalist<\/p>\n<p>&nbsp;<\/p>\n","protected":false},"excerpt":{"rendered":"<p>L\u00c4NGTAN &amp; LUST har kommit till utifr\u00e5n min egen l\u00e4ngtan: \u2013 att v\u00e5ga vara den jag innerst inne \u00e4r och att v\u00e5ga leva det liv jag vill leva. \u2013 att finna lusten \u2013 lusten att \u00e4lska, m\u00f6tas, arbeta och att leva. Jag har flera g\u00e5nger i livet tappat lusten p\u00e5 olika omr\u00e5den, men hittat en [&hellip;]<\/p>\n","protected":false},"author":1,"featured_media":0,"parent":0,"menu_order":0,"comment_status":"closed","ping_status":"closed","template":"","meta":[],"_links":{"self":[{"href":"https:\/\/langtanochlust.com\/index.php?rest_route=\/wp\/v2\/pages\/80"}],"collection":[{"href":"https:\/\/langtanochlust.com\/index.php?rest_route=\/wp\/v2\/pages"}],"about":[{"href":"https:\/\/langtanochlust.com\/index.php?rest_route=\/wp\/v2\/types\/page"}],"author":[{"embeddable":true,"href":"https:\/\/langtanochlust.com\/index.php?rest_route=\/wp\/v2\/users\/1"}],"replies":[{"embeddable":true,"href":"https:\/\/langtanochlust.com\/index.php?rest_route=%2Fwp%2Fv2%2Fcomments&post=80"}],"version-history":[{"count":15,"href":"https:\/\/langtanochlust.com\/index.php?rest_route=\/wp\/v2\/pages\/80\/revisions"}],"predecessor-version":[{"id":3823,"href":"https:\/\/langtanochlust.com\/index.php?rest_route=\/wp\/v2\/pages\/80\/revisions\/3823"}],"wp:attachment":[{"href":"https:\/\/langtanochlust.com\/index.php?rest_route=%2Fwp%2Fv2%2Fmedia&parent=80"}],"curies":[{"name":"wp","href":"https:\/\/api.w.org\/{rel}","templated":true}]}}