{"id":745,"date":"2015-02-17T15:31:14","date_gmt":"2015-02-17T15:31:14","guid":{"rendered":"http:\/\/langtanochlust.com\/?page_id=745"},"modified":"2020-02-22T21:04:06","modified_gmt":"2020-02-22T21:04:06","slug":"tantra-och-tantrasex","status":"publish","type":"page","link":"https:\/\/langtanochlust.com\/?page_id=745","title":{"rendered":"Tantra"},"content":{"rendered":"<p><strong><span style=\"font-family: Calibri; font-size: small;\">S\u00e5 h\u00e4r beskriver den indiske filosofen OshoTantra:<br \/>\n\u201dThis is the map to turn you on, and to turn you in, and to turn you beyond\u201d<\/span><\/strong><\/p>\n<p><strong><span style=\"font-family: Calibri; font-size: small;\">Han skriver ocks\u00e5 att i tantran \u00e4r det m\u00f6jligt att hitta den stora orgasmen, det mest v\u00e4lsignade \u00f6gonblick d\u00e5 vi upplever att vi \u00e4r ett med hela universum. Det \u00e4r d\u00e4rf\u00f6r Tantra \u00e4r k\u00e4nt som Sexv\u00e4gen eller K\u00e4rlekens v\u00e4g.<\/span><\/strong><\/p>\n<p><strong><span style=\"font-family: Calibri; font-size: small;\">Tantran \u00e4r en urgammal \u00f6sterl\u00e4ndsk filosofi f\u00f6r upplysning d\u00e4r bl.a meditation och yoga ingick som viktiga inslag p\u00e5 den tantriska v\u00e4gen. Tantran kommer i olika former mer och mer till v\u00e4st och det \u00e4r min \u00f6vertygelse att den kan hj\u00e4lpa oss att f\u00e5 en mer nyanserad bild av intimitet och sexualitet.<\/span><\/strong><\/p>\n<p><strong><span style=\"font-family: Calibri; font-size: small;\">Alla l\u00e4ngtar vi efter n\u00e4rhet och k\u00e4rlek.\u00a0 Tantra \u00e4r en vacker v\u00e4g till djupare relationer. F\u00f6r mig har tantra inneburit helt nya m\u00f6ten med mig sj\u00e4lv och andra. Tantra \u00e4r f\u00f6r alla, f\u00f6r kvinnor som inte vill, m\u00e4n som inte kan etc. Tantran kan \u00f6ppna upp f\u00f6r djupare intimitet och n\u00e4rhet.<\/span><\/strong><\/p>\n<p><strong><span style=\"font-family: Calibri;\"><span style=\"font-size: small;\">Diana Richardsson har skrivit en utm\u00e4rkt bok om tantrasex \u201dThe heart of tantric sex\u201d eller p\u00e5 svenska \u201dH\u00e5ll gl\u00f6den levande\u201d. D\u00e4r skriver hon s\u00e5 h\u00e4r: \u201d<em>Efter att ha forskat intensivt i m\u00e5nga \u00e5r uppt\u00e4ckte jag att det var tantraupplevelsen, k\u00e4nslan av att slappna av och sjunka in i den sexuella energin ist\u00e4llet f\u00f6r att s\u00e4tta press p\u00e5 den \u2013 som gav mig det jag hade l\u00e4ngtat intuitivt efter i hela mitt liv &#8211; gl\u00e4dje och k\u00e4rlek.<\/em><\/span><\/span><\/strong><\/p>\n<p><strong><span style=\"font-family: Calibri; font-size: small;\">I sin bok tar hon upp ett antal k\u00e4rleksnycklar som bl.a handlar om avslappning, k\u00e4rleksfull ber\u00f6ring, andning, \u00f6gonkontakt och kommunikation.<\/span><\/strong><\/p>\n<p><strong><span style=\"font-family: Calibri; font-size: small;\">Tantra handlar om ett nytt s\u00e4tt att \u00e4lska med b\u00e5de kropp och sj\u00e4l. I tantran fokuserar vi inte p\u00e5 orgasm utan ist\u00e4llet p\u00e5 avslappning. D\u00e5 kan vi uppt\u00e4cka nyanserna och \u00a0vila i varandras armar. Vi f\u00e5r faktiskt ocks\u00e5 b\u00e4ttre kontakt och fl\u00f6de i v\u00e5ra sexuella energier. Den sexuella kraften och livskraften frig\u00f6rs!<\/span><\/strong><\/p>\n<p><strong><span style=\"font-family: Calibri; font-size: small;\">Tantra \u00e4r medveten n\u00e4rvaro, \u00a0n\u00e4rhet och f\u00f6rtroende. Tantra \u00e4r l\u00e5ngsamt och i kontakt med den egna kroppen och med andningen. Man \u00e4r med det som \u00e4r utan att forcera n\u00e5got. Man g\u00e5r in i tantran med \u00f6ppet sinne, man sl\u00e4pper f\u00f6rv\u00e4ntningar och till\u00e5ter det som sker att ske. I b\u00e4sta fall blir det en k\u00e4rleksfull gemensam energidans.<\/span><\/strong><\/p>\n<p><strong><span style=\"font-family: Calibri; font-size: small;\">En av de viktigaste nyckeln inom tantran \u00e4r att skapa balans inom sig &#8211; balans mellan de feminina (mottagande) och maskulina (skyddande) energierna.<\/span><\/strong><\/p>\n<p><strong><span style=\"font-family: Calibri; font-size: small;\">Flera klienter som f\u00e5tt intuitiv ber\u00f6ring med tantrafokus \u00a0har gett uttryck f\u00f6r att \u201ddetta \u00e4r b\u00e4ttre \u00e4n sex\u201d..De som till\u00e5ter sig att slappna av och bara ta emot kan f\u00e5 en underbar helhetsupplevelse.<\/span><\/strong><\/p>\n<p><strong><span style=\"font-family: Calibri; font-size: small;\">I tantrisk massage ges m\u00f6jlighet till b\u00e5de avslappning och sensualitet. Det handlar mycket om att till\u00e5ta sig att ta emot sig sj\u00e4lv, alla k\u00e4nslor \u00a0och sexuella energier men inte rikta det mot den som ger massagen.<\/span><\/strong><\/p>\n<p><strong><span style=\"font-family: Calibri; font-size: small;\">Inom tantran ben\u00e4mns mannens k\u00f6nsorgan som Lingam (indisk beteckning p\u00e5 penis). Lingam \u00e4r mannens stolthet. Kvinnans k\u00f6nsorgan ben\u00e4mns som Yoni (sanskrit f\u00f6r vaginan).Yoni \u00e4r kvinnans heliga tempel och det \u00e4r viktigt att ha till\u00e5telse f\u00f6r att tr\u00e4da in i detta vackra tempel. Respektfull ber\u00f6ring av k\u00f6nsorganen kan ing\u00e5 i behandlingen. Jag ger dock inte Lingammassage. \u00a0Tv\u00e5 uttryck som betyder mycket f\u00f6r mig n\u00e4r jag ger ber\u00f6ring \u00e4r att inte undvika n\u00e5got, inte heller forcera n\u00e5got utan l\u00e5ta mina h\u00e4nder intuitivt och \u00a0k\u00e4rleksfullt fl\u00f6da \u00f6ver hela kroppen.\u00a0<\/span><\/strong><\/p>\n<p><strong><span style=\"font-family: Calibri; font-size: small;\">Pr\u00f6va tantra! Det finns m\u00e5nga kurser, workshops, festivaler och individuella behandlingar. \u00a0Eller n\u00e4r du \u00e4r i ett n\u00e4ra m\u00f6te med n\u00e5gon &#8211; slappna av, sl\u00e4pp kontrollen, fl\u00f6da, ta emot och ge fr\u00e5n ditt hj\u00e4rta,njut.\u00a0<\/span><\/strong><strong><span style=\"font-family: Calibri; font-size: small;\">Njut av \u00f6gonblicket, njut av ber\u00f6ringen, njut av dig sj\u00e4lv. Vi \u00e4r h\u00e4r f\u00f6r att \u00e4lska och leva fullt ut.<\/span><\/strong><\/p>\n<p><strong><span style=\"font-family: Calibri; font-size: small;\">Jag ger varsam intuitiv ber\u00f6ring med tantrafokus &#8211; \u00a0f\u00f6r djup avslappning och personlig sj\u00e4lvk\u00e4nnedom. Ber\u00f6ringen kombineras med l\u00e4ttmassage\/healing och samtal f\u00f6r att du ska kunna m\u00f6ta dig sj\u00e4lv p\u00e5 ett djupare plan.\u00a0 Jag har vidareutbildat mig inom tantra och ger \u00e4ven behandlingar i &#8221;Tantra Pulsation&#8221;, d\u00e4r du genom andningstekniker f\u00e5r m\u00f6jlighet att l\u00f6sa upp blockeringar s\u00e5 att livsenergin kan fl\u00f6da fritt.<\/span><\/strong><strong><span style=\"font-family: Calibri; font-size: small;\"><br \/>\n<\/span><\/strong><\/p>\n<p><strong><span style=\"font-family: Calibri; font-size: small;\">I boken Graceful Living hittade jag ett citat av Rob Bell som jag vill avsluta med:<\/span><\/strong><\/p>\n<p><strong><span style=\"font-family: Calibri; font-size: small;\">&#8221;It\u00b4s easy to take off your clothes and have sex. People do it all the time. But opening up your soul to someone, letting them into your spirit, thoughts, fears, future, hopes and dreams that is being naked&#8221;<\/span><\/strong><\/p>\n<p><strong><span style=\"font-family: Calibri; font-size: small;\">\u00a0<\/span><\/strong><\/p>\n<p>&nbsp;<\/p>\n<p><strong><span style=\"font-family: Calibri; font-size: small;\">\u00a0<\/span><\/strong><\/p>\n<p><strong><span style=\"font-family: Calibri; font-size: small;\">\u00a0<\/span><\/strong><\/p>\n<p><strong><span style=\"font-family: Calibri; font-size: small;\">\u00a0<\/span><\/strong><\/p>\n","protected":false},"excerpt":{"rendered":"<p>S\u00e5 h\u00e4r beskriver den indiske filosofen OshoTantra: \u201dThis is the map to turn you on, and to turn you in, and to turn you beyond\u201d Han skriver ocks\u00e5 att i tantran \u00e4r det m\u00f6jligt att hitta den stora orgasmen, det mest v\u00e4lsignade \u00f6gonblick d\u00e5 vi upplever att vi \u00e4r ett med hela universum. Det \u00e4r [&hellip;]<\/p>\n","protected":false},"author":1,"featured_media":0,"parent":0,"menu_order":0,"comment_status":"closed","ping_status":"closed","template":"","meta":[],"_links":{"self":[{"href":"https:\/\/langtanochlust.com\/index.php?rest_route=\/wp\/v2\/pages\/745"}],"collection":[{"href":"https:\/\/langtanochlust.com\/index.php?rest_route=\/wp\/v2\/pages"}],"about":[{"href":"https:\/\/langtanochlust.com\/index.php?rest_route=\/wp\/v2\/types\/page"}],"author":[{"embeddable":true,"href":"https:\/\/langtanochlust.com\/index.php?rest_route=\/wp\/v2\/users\/1"}],"replies":[{"embeddable":true,"href":"https:\/\/langtanochlust.com\/index.php?rest_route=%2Fwp%2Fv2%2Fcomments&post=745"}],"version-history":[{"count":16,"href":"https:\/\/langtanochlust.com\/index.php?rest_route=\/wp\/v2\/pages\/745\/revisions"}],"predecessor-version":[{"id":3432,"href":"https:\/\/langtanochlust.com\/index.php?rest_route=\/wp\/v2\/pages\/745\/revisions\/3432"}],"wp:attachment":[{"href":"https:\/\/langtanochlust.com\/index.php?rest_route=%2Fwp%2Fv2%2Fmedia&parent=745"}],"curies":[{"name":"wp","href":"https:\/\/api.w.org\/{rel}","templated":true}]}}