{"id":415,"date":"2013-01-05T22:46:18","date_gmt":"2013-01-05T22:46:18","guid":{"rendered":"http:\/\/langtanochlust.com\/?page_id=415"},"modified":"2026-01-06T18:17:50","modified_gmt":"2026-01-06T18:17:50","slug":"energipsykologi","status":"publish","type":"page","link":"https:\/\/langtanochlust.com\/?page_id=415","title":{"rendered":"Energipsykologi &#8211; EFT, TFT, PAP"},"content":{"rendered":"<p><strong>EFT, TFT och PAP-BEHANDLINGAR \u00c4R\u00a0EFFEKTIVA AKUPRESSURBEHANDLINGAR SOM HJ\u00c4LPER DIG ATT L\u00d6SA UPP BLOCKERINGAR F\u00d6R ATT KUNNA SKAPA DET DU VILL UPPN\u00c5.<\/strong><\/p>\n<p><strong>Energipsykologi \u00e4r ett samlingsnamn f\u00f6r flera olika\u00a0behandlings-tekniker. \u00a0Energipsykologin har sina r\u00f6tter i den till\u00e4mpade kinesiologin. Grundtesen inom EFT \u00e4r at orsaken till alla negativa k\u00e4nslor \u00e4r en st\u00f6rning i kroppens energisystem.I dessa behandlingar behandlar man kroppsliga och energim\u00e4ssiga blockeringar genom att snabbt knacka med fingrarna (\u201dtapping\u201d )p\u00e5 olika akupunkturpunkter samtidigt som man s\u00e4ger vissa meningar . Behandlingarna bygger p\u00e5 erfarenheten att tankar p\u00e5verkar v\u00e5ra muskler och v\u00e5rt energisystem.<\/strong><\/p>\n<p><strong>Behandlingen EFT (Emotional Freedom Technique) har framg\u00e5ngsrikt anv\u00e4nts f\u00f6r att behandla bl.a. emotionella stressproblem, fobi och trauman.\u00a0Mac Pompeus Wolontisi som driver den svenska kinesiologiskolan har utifr\u00e5n egen l\u00e5ng erfarenhet utvecklat en kompletterande och mycket effektiv behandling vid namn PAP \u2013 psykologisk akupraktik. Behandlingarna genomf\u00f6rs oftast d\u00e5 klienten sitter p\u00e5 en stol. Del av behandlingarna kan med f\u00f6rdel enkelt anv\u00e4ndas som egenbehandling<\/strong>.<\/p>\n<p><strong>L\u00d6SA UPP OBEARBETADE K\u00c4NSLOR<br \/>\n<\/strong>Jag har pr\u00f6vat mig fram med att kombinera energitekniker som jag l\u00e4rt mig tidigare med nya tekniker och kan konstatera att till synes enkla medel kan ge djupg\u00e5ende effekt. Att l\u00f6sa upp obearbetade k\u00e4nslor \u00e4r mycket v\u00e4rdefullt f\u00f6r att m\u00e5 bra och komma vidare i v\u00e5r personliga utveckling.<\/p>\n<p>H\u00e4r kan du l\u00e4sa om hur en klient som provade denna behandling upplevde det:<\/p>\n<p><em>\u201dJag gjorde en behandling hos Lill f\u00f6r att l\u00f6sa upp inst\u00e4ngda k\u00e4nslor.\u00a0 Behandlingen b\u00f6rjade med att jag landade i Lills k\u00e4rleksfulla sf\u00e4r.\u00a0 Med hj\u00e4lp av en pendel, fick Lill fram vilken emotion jag var redo att sl\u00e4ppa. Ordet som kom upp var &#8221;F\u00f6rvirring&#8221;. Detta var egentligen inget jag funderat \u00f6ver eller k\u00e4nt att jag beh\u00f6vde healing f\u00f6r, men n\u00e4r jag landat i vad\u00a0 &#8221;F\u00f6rvirring&#8221; kunde st\u00e5 f\u00f6r, ins\u00e5g jag att det var klockrent! Min \u00f6nskan var att leva mer fr\u00e5n hj\u00e4rtat.\u00a0 Jag hade haft sv\u00e5rt f\u00f6r att fokusera p\u00e5 att verkligen g\u00e5 in f\u00f6r att skapa ett liv som var mer hj\u00e4rtcentrerat. Jag var ofta splittrad i tanken. Med andra ord var jag F\u00f6rvirrad\/vimsig\/ofokuserad i tankarna och kom inte vidare f\u00f6r att \u00f6ka k\u00e4rleksfrekvensen.\u00a0<\/em><\/p>\n<p><em>Jag k\u00e4nde under hela behandlingen en energi runt mitt huvud och denna var s\u00e4rskilt p\u00e5taglig, n\u00e4r Lill drog med en magnet utmed min ryggrad f\u00f6r att l\u00f6sg\u00f6ra det som var redo att sl\u00e4ppas.<\/em><\/p>\n<p><em>Som avslut p\u00e5 sessionen, fick Lill till sig att spela en l\u00e5t f\u00f6r mig och den gjorde mig djupt ber\u00f6rd. Vi hade ett litet samtal om vad jag upplevt och Lill delgav de bilder hon kunde f\u00f6rnimma kring mig.<\/em><\/p>\n<p><em>Nu har det g\u00e5tt n\u00e5gra dagar sen behandlingen och jag upplever att jag har haft l\u00e4ttare f\u00f6r att h\u00e5lla mig hj\u00e4rtcentrerad. Jag kommer definitivt att testa detta igen och kan rekommendera denna behandlingsform om man k\u00e4nner att man vill komma vidare.\u00a0<\/em><\/p>\n<p><em>Kvinna 50 plus december 2025<\/em><\/p>\n","protected":false},"excerpt":{"rendered":"<p>EFT, TFT och PAP-BEHANDLINGAR \u00c4R\u00a0EFFEKTIVA AKUPRESSURBEHANDLINGAR SOM HJ\u00c4LPER DIG ATT L\u00d6SA UPP BLOCKERINGAR F\u00d6R ATT KUNNA SKAPA DET DU VILL UPPN\u00c5. Energipsykologi \u00e4r ett samlingsnamn f\u00f6r flera olika\u00a0behandlings-tekniker. \u00a0Energipsykologin har sina r\u00f6tter i den till\u00e4mpade kinesiologin. Grundtesen inom EFT \u00e4r at orsaken till alla negativa k\u00e4nslor \u00e4r en st\u00f6rning i kroppens energisystem.I dessa behandlingar behandlar [&hellip;]<\/p>\n","protected":false},"author":1,"featured_media":0,"parent":0,"menu_order":0,"comment_status":"closed","ping_status":"closed","template":"","meta":[],"_links":{"self":[{"href":"https:\/\/langtanochlust.com\/index.php?rest_route=\/wp\/v2\/pages\/415"}],"collection":[{"href":"https:\/\/langtanochlust.com\/index.php?rest_route=\/wp\/v2\/pages"}],"about":[{"href":"https:\/\/langtanochlust.com\/index.php?rest_route=\/wp\/v2\/types\/page"}],"author":[{"embeddable":true,"href":"https:\/\/langtanochlust.com\/index.php?rest_route=\/wp\/v2\/users\/1"}],"replies":[{"embeddable":true,"href":"https:\/\/langtanochlust.com\/index.php?rest_route=%2Fwp%2Fv2%2Fcomments&post=415"}],"version-history":[{"count":8,"href":"https:\/\/langtanochlust.com\/index.php?rest_route=\/wp\/v2\/pages\/415\/revisions"}],"predecessor-version":[{"id":4705,"href":"https:\/\/langtanochlust.com\/index.php?rest_route=\/wp\/v2\/pages\/415\/revisions\/4705"}],"wp:attachment":[{"href":"https:\/\/langtanochlust.com\/index.php?rest_route=%2Fwp%2Fv2%2Fmedia&parent=415"}],"curies":[{"name":"wp","href":"https:\/\/api.w.org\/{rel}","templated":true}]}}