{"id":3838,"date":"2022-01-11T19:49:13","date_gmt":"2022-01-11T19:49:13","guid":{"rendered":"http:\/\/langtanochlust.com\/?page_id=3838"},"modified":"2022-01-11T19:52:07","modified_gmt":"2022-01-11T19:52:07","slug":"shamanska-behandlingar","status":"publish","type":"page","link":"https:\/\/langtanochlust.com\/?page_id=3838","title":{"rendered":"Shamanska behandlingar"},"content":{"rendered":"<p>Shamansk energimedicin enligt Inkatraditionen och Alberto Villoldo<a href=\"http:\/\/media.langtanochlust.com\/2022\/01\/IMG_1795.JPG-Mesa.jpg\"><img decoding=\"async\" loading=\"lazy\" class=\"alignright size-thumbnail wp-image-3839\" src=\"http:\/\/media.langtanochlust.com\/2022\/01\/IMG_1795.JPG-Mesa-150x150.jpg\" alt=\"\" width=\"150\" height=\"150\" srcset=\"http:\/\/media.langtanochlust.com\/2022\/01\/IMG_1795.JPG-Mesa-150x150.jpg 150w, http:\/\/media.langtanochlust.com\/2022\/01\/IMG_1795.JPG-Mesa-300x300.jpg 300w, http:\/\/media.langtanochlust.com\/2022\/01\/IMG_1795.JPG-Mesa.jpg 640w\" sizes=\"(max-width: 150px) 100vw, 150px\" \/><\/a><\/p>\n<p>Jag \u00e4r tacksam f\u00f6r att ha f\u00e5tt ta del av den vackra Inkatraditionen som b\u00e5de l\u00e4r oss djup v\u00f6rdnad f\u00f6r naturen, men ocks\u00e5 l\u00e4r ut djupg\u00e5ende och f\u00f6rl\u00f6sande behandlingstekniker.<\/p>\n<p>Om du vill f\u00f6r\u00e4ndra n\u00e5got eller sl\u00e4ppa gamla minnen fr\u00e5n detta eller tidigare liv kan du f\u00e5 hj\u00e4lp i de shamanska behandlingarna.<\/p>\n<p>I ditt ljusenergif\u00e4lt och i din kropp finns minnen fr\u00e5n din uppv\u00e4xt och \u00e4ven fr\u00e5n tidigare liv. En del traumatiska minnen skapar pr\u00e4glingar som hindrar dig att vara den du \u00e4r och att komma dit du vill. I behandlingen\u00a0f\u00e5r du hj\u00e4lp att finna och l\u00f6sa upp dessa pr\u00e4glingar.<\/p>\n<p>Det kan \u00e4ven handla om kristalliserade energier som skapas av missbruk, negativa tankar eller en fysisk skada. Dessa s\u00e4tter sig i din kropp och hindrar dig, men du kan f\u00e5 hj\u00e4lp att transformera dessa energier.<\/p>\n<p>Det kan ocks\u00e5 vara s\u00e5 att en p\u00e5tr\u00e4ngande energi utifr\u00e5n kan b\u00e4dda in sig i centrala nervsystemet och skapa \u00e5ngest, depression, missbruk etc. \u00c4ven detta kan avl\u00e4gsnas i behandlingen.<\/p>\n<p>Shamanerna menar att man kan f\u00f6rlora en sj\u00e4lsbit genom trauman i detta eller tidigare liv. Det skapar en k\u00e4nsla av att n\u00e5got saknas och man k\u00e4nner sig obalanserad. I behandlingen kan man h\u00e4mta en sj\u00e4lsbit som man f\u00f6rlorat.<\/p>\n<p>Oavsett vilka pr\u00e4glingar det g\u00e4ller s\u00e5 raderas dessa i behandlingen s\u00e5 att du kan leva ett mer balanserat och harmoniskt liv.<\/p>\n<p>Behandlingen inleds med ett kort samtal d\u00e4r vi tar upp vad du \u00e4r i och vad du vill f\u00f6r\u00e4ndra. Vi forts\u00e4tter sedan behandlingen p\u00e5 en massageb\u00e4nk. Behandlingen avslutas med att du f\u00e5r reflektera kring hur du ska g\u00e5 vidare i ditt liv. Behandlingen tar ca 1,5 tim.<\/p>\n<p>V\u00e4lkommen att prova en behandling! (Prova p\u00e5 pris 500 kr)<\/p>\n<p>&nbsp;<\/p>\n","protected":false},"excerpt":{"rendered":"<p>Shamansk energimedicin enligt Inkatraditionen och Alberto Villoldo Jag \u00e4r tacksam f\u00f6r att ha f\u00e5tt ta del av den vackra Inkatraditionen som b\u00e5de l\u00e4r oss djup v\u00f6rdnad f\u00f6r naturen, men ocks\u00e5 l\u00e4r ut djupg\u00e5ende och f\u00f6rl\u00f6sande behandlingstekniker. Om du vill f\u00f6r\u00e4ndra n\u00e5got eller sl\u00e4ppa gamla minnen fr\u00e5n detta eller tidigare liv kan du f\u00e5 hj\u00e4lp i [&hellip;]<\/p>\n","protected":false},"author":1,"featured_media":0,"parent":0,"menu_order":0,"comment_status":"closed","ping_status":"closed","template":"","meta":[],"_links":{"self":[{"href":"https:\/\/langtanochlust.com\/index.php?rest_route=\/wp\/v2\/pages\/3838"}],"collection":[{"href":"https:\/\/langtanochlust.com\/index.php?rest_route=\/wp\/v2\/pages"}],"about":[{"href":"https:\/\/langtanochlust.com\/index.php?rest_route=\/wp\/v2\/types\/page"}],"author":[{"embeddable":true,"href":"https:\/\/langtanochlust.com\/index.php?rest_route=\/wp\/v2\/users\/1"}],"replies":[{"embeddable":true,"href":"https:\/\/langtanochlust.com\/index.php?rest_route=%2Fwp%2Fv2%2Fcomments&post=3838"}],"version-history":[{"count":3,"href":"https:\/\/langtanochlust.com\/index.php?rest_route=\/wp\/v2\/pages\/3838\/revisions"}],"predecessor-version":[{"id":3843,"href":"https:\/\/langtanochlust.com\/index.php?rest_route=\/wp\/v2\/pages\/3838\/revisions\/3843"}],"wp:attachment":[{"href":"https:\/\/langtanochlust.com\/index.php?rest_route=%2Fwp%2Fv2%2Fmedia&parent=3838"}],"curies":[{"name":"wp","href":"https:\/\/api.w.org\/{rel}","templated":true}]}}