{"id":293,"date":"2012-03-29T20:52:21","date_gmt":"2012-03-29T20:52:21","guid":{"rendered":"http:\/\/langtanochlust.com\/?page_id=293"},"modified":"2012-03-29T20:52:21","modified_gmt":"2012-03-29T20:52:21","slug":"jorda-dig-sjalv-miniguide","status":"publish","type":"page","link":"https:\/\/langtanochlust.com\/?page_id=293","title":{"rendered":"Jorda dig sj\u00e4lv-miniguide"},"content":{"rendered":"<p>Moder Jord-healing \u00e4r en kanaliserad healingteknik d\u00e4r man jordar sig p\u00e5 djupet genom att i meditation ta emot och fylla sig med den kvinnliga energin fr\u00e5n Jordens inre k\u00e4rna. Healingens syfte \u00e4r att \u00e5terknyta kontakten med v\u00e5r heliga urmoder, och att \u00e5terskapa balansen mellan den manliga energin (yang) och den kvinnliga energin (Yin) i v\u00e5ra inre. M\u00e4nskligheten lider av ett enormt \u00f6verskott av manlig energi, och en enorm brist p\u00e5 kvinnlig energi. Vi \u00e4r extremt ojordade. Den kvinnliga energin har under mycket l\u00e5ng tid f\u00f6rsvagats, f\u00f6rnekats och f\u00f6rtryckts h\u00e4r p\u00e5 Jorden. Varje m\u00e4nniska beh\u00f6ver ha h\u00e4lften manlig och h\u00e4lften kvinnlig energi i sin energikropp f\u00f6r att vara i fullst\u00e4ndig balans och f\u00f6r att kunna utvecklas p\u00e5 ett balanserat s\u00e4tt. Detta \u00e4r en del av en ur\u00e5ldrig och tidl\u00f6s visdom som det finns fragment bevarade av i olika kulturer v\u00e4rlden \u00f6ver, bland annat hos olika ursprungsbefolkningar. Moder Jord-healing \u00e4r den felande l\u00e4nken f\u00f6r m\u00e4nniskans v\u00e4g mot ett h\u00f6gre medvetandetillst\u00e5nd idag. V\u00e5r jordande bas \u00e4r n\u00f6dv\u00e4ndig f\u00f6r att kunna n\u00e5 h\u00f6gre h\u00f6jder i v\u00e5r andliga utveckling. Genom att ge sig sj\u00e4lv Moder Jord-healing regelbundet s\u00e5 \u00e5terst\u00e4ller man successivt sin energibalans, man helar successivt sina energiblockeringar, accelererar sin andliga utveckling och f\u00f6rbereder sig p\u00e5 ett optimalt s\u00e4tt inf\u00f6r \u00f6verg\u00e5ngen till den Nya andliga Tids\u00e5ldern.<\/p>\n<p>Instruktioner:<br \/>\nS\u00e4tt dig ner f\u00f6r att meditera. Sitt g\u00e4rna utomhus om du har m\u00f6jlighet. Ha full kontakt med bakdelen eller f\u00f6tterna i golvet eller marken. H\u00e5ll dina kupade handflator mot varandra som i b\u00f6n och l\u00e5t dem vila i ditt kn\u00e4. St\u00e4ng g\u00e4rna av teknisk utrustning. Ta ett par djupa andetag, slappna av i hela kroppen och rensa ditt sinne fr\u00e5n distraherande tankar. G\u00f6r dig redo mentalt f\u00f6r att arbeta som kanal f\u00f6r Moder Jord-energin och fokusera din intention p\u00e5 att h\u00e4mta upp energin ur Jorden. L\u00e4s b\u00f6nen f\u00f6r Moder jord, h\u00f6gt eller i ditt inre. Visualisera hur en kanal \u00f6ppnas upp fr\u00e5n Jordens mitt och hur den lysande r\u00f6da kvinnliga energin b\u00f6rjar str\u00f6mma upp och fl\u00f6dar in genom dina f\u00f6tter bakdel och h\u00e4nder. L\u00e5t energin fylla hela din kropp och stanna d\u00e4r. N\u00e4r du har \u00f6ppnat upp energifl\u00f6det, fokusera bara p\u00e5 att vara n\u00e4rvarande i nuet. Det \u00e4r individuellt hur energin k\u00e4nns, men det fungerar oavsett om du k\u00e4nner n\u00e5gonting eller inte. Det g\u00e5r \u00e4ven att anv\u00e4nda affirmationer samtidigt f\u00f6r att f\u00f6rst\u00e4rka och rikta healingen. Du kan ge dig sj\u00e4lv Moder Jord-healing var som helst. En kvart om dagen \u00e4r en bra start, f\u00f6r att sedan ut\u00f6ka tiden successivt. Syftet med Moder Jord-healing \u00e4r alltid att \u00e5terst\u00e4lla din energibalans.<\/p>\n<p><strong>B\u00f6n f\u00f6r att aktivera Moder Jord-healing till dig sj\u00e4lv:<\/strong><br \/>\n<em>K\u00e4ra Moder Jord,<\/em><br \/>\n<em>Jag ber dig allra \u00f6dmjukast, med k\u00e4rlek och fullst\u00e4ndig tillit, ge mig kraft och v\u00e4gledning.<\/em><br \/>\n<em>Hj\u00e4lp mig att kanalisera energi ur ditt inre, f\u00f6r att fullst\u00e4ndigt hela mig sj\u00e4lv, till b\u00e5de kropp och sj\u00e4l.<\/em><br \/>\n<em>Moder Jord, jag kallar p\u00e5 din kraft!<\/em><\/p>\n<p>Avsluta healing-sessionen med att s\u00e4ga Tack.<\/p>\n<p>H\u00e4mtat fr\u00e5n www.motherearthnetwork.net<\/p>\n<p>&nbsp;<\/p>\n<p>&nbsp;<\/p>\n","protected":false},"excerpt":{"rendered":"<p>Moder Jord-healing \u00e4r en kanaliserad healingteknik d\u00e4r man jordar sig p\u00e5 djupet genom att i meditation ta emot och fylla sig med den kvinnliga energin fr\u00e5n Jordens inre k\u00e4rna. Healingens syfte \u00e4r att \u00e5terknyta kontakten med v\u00e5r heliga urmoder, och att \u00e5terskapa balansen mellan den manliga energin (yang) och den kvinnliga energin (Yin) i v\u00e5ra [&hellip;]<\/p>\n","protected":false},"author":1,"featured_media":0,"parent":0,"menu_order":0,"comment_status":"closed","ping_status":"closed","template":"","meta":[],"_links":{"self":[{"href":"https:\/\/langtanochlust.com\/index.php?rest_route=\/wp\/v2\/pages\/293"}],"collection":[{"href":"https:\/\/langtanochlust.com\/index.php?rest_route=\/wp\/v2\/pages"}],"about":[{"href":"https:\/\/langtanochlust.com\/index.php?rest_route=\/wp\/v2\/types\/page"}],"author":[{"embeddable":true,"href":"https:\/\/langtanochlust.com\/index.php?rest_route=\/wp\/v2\/users\/1"}],"replies":[{"embeddable":true,"href":"https:\/\/langtanochlust.com\/index.php?rest_route=%2Fwp%2Fv2%2Fcomments&post=293"}],"version-history":[{"count":10,"href":"https:\/\/langtanochlust.com\/index.php?rest_route=\/wp\/v2\/pages\/293\/revisions"}],"predecessor-version":[{"id":309,"href":"https:\/\/langtanochlust.com\/index.php?rest_route=\/wp\/v2\/pages\/293\/revisions\/309"}],"wp:attachment":[{"href":"https:\/\/langtanochlust.com\/index.php?rest_route=%2Fwp%2Fv2%2Fmedia&parent=293"}],"curies":[{"name":"wp","href":"https:\/\/api.w.org\/{rel}","templated":true}]}}