{"id":2756,"date":"2018-03-27T19:33:24","date_gmt":"2018-03-27T19:33:24","guid":{"rendered":"http:\/\/langtanochlust.com\/?page_id=2756"},"modified":"2026-01-06T18:10:25","modified_gmt":"2026-01-06T18:10:25","slug":"ask-healing","status":"publish","type":"page","link":"https:\/\/langtanochlust.com\/?page_id=2756","title":{"rendered":"ASK-healing"},"content":{"rendered":"<p>ASK-healingen arbetar p\u00e5 tre niv\u00e5er &#8211; Ande, Sj\u00e4l och Kropp. Det sker genom en diagnos, rening, balansering och healing. I ASK-healingen tas kontakt med Akasha-kr\u00f6nikan. Oftast kommer det d\u00e5 upp bilder eller ord som jag delger dig b\u00e5de muntligt och skriftligt efter behandlingen. Du f\u00e5r \u00e4ven del av kraftfulla uppstigningsenergier. Vid behov kan ocks\u00e5 f\u00e4rghealing ing\u00e5. Denna kompletterande healing \u00e4r baserad p\u00e5 f\u00e4rger som \u00e4r en ren energi. Detta f\u00f6rdjupar ytterligare healingen.\u00a0 Dessa f\u00e4rger \u00e4r kanaliserade genom Egypten och dess pyramider. En variant av ASK-healingen \u00e4r trumhealing d\u00e4r du ligger p\u00e5 golvet och jag trummar runt dig. I den behandlingen f\u00e5r du oftast kontakt med ditt kraftdjur och f\u00e5r hj\u00e4lp att p\u00e5 shamanskt vis l\u00f6sa upp blockeringar. Ytterligare en behandling inriktas p\u00e5 Kundalinienergin, som hos m\u00e5nga \u00e4r fastl\u00e5st och beh\u00f6ver l\u00f6sas upp f\u00f6r att energin i kroppen ska fl\u00f6da fritt.<\/p>\n<p>Behandlingen g\u00e5r till s\u00e5 att vi sitter mitt emot varandra p\u00e5 stolar och jag g\u00f6r d\u00e5 en diagnos p\u00e5 de tre niv\u00e5erna. Du kan sedan v\u00e4lja om du vill ligga p\u00e5 en massageb\u00e4nk eller sitta kvar p\u00e5 stolen medan jag forts\u00e4tter behandlingen. Tillsammans kommer vi fram till vilken slags ASK-healing just Du beh\u00f6ver.<\/p>\n<p>Det \u00e4r en klarg\u00f6rande healing d\u00e4r du f\u00e5r hj\u00e4lp att f\u00f6rst\u00e5 var du befinner dig och vad du beh\u00f6ver f\u00f6r att g\u00e5 vidare. Du f\u00e5r hj\u00e4lp att l\u00f6sa upp blockeringar och du f\u00e5r tillg\u00e5ng till h\u00f6gre uppstigningsenergier.<\/p>\n<p>Behandlingen tar med efterdiagnos och samtal ca 1,5 tim.<\/p>\n<p>S\u00e5 h\u00e4r s\u00e4ger n\u00e5gra klienter som provat ASK-healing:<br \/>\n&#8221;<em>Jag tycker att ASK-healingen var en djupg\u00e5ende upplevelse, som hj\u00e4lpte mej till rensning och hj\u00e4rte\u00f6ppning&#8221;.<\/em><\/p>\n<p><em>&#8221;Med en varsamhet och Lills intiutiva k\u00e4nslighet f\u00f6rdes jag in i en djupare form av healing.\u00a0<\/em><em>D\u00e4r jag genomgick en vacker healingprocess.<br \/>\n<\/em><em>\u00a0<\/em><em>Det g\u00e5r inte att beskriva i ord utan \u00e4r n\u00e5got som b\u00f6r upplevas.\u00a0<\/em><em>Kan varmt rekommendera Ask healing hos Lill.&#8221;<\/em><\/p>\n<p>Varmt v\u00e4lkommen att prova.<\/p>\n<p>Lill, Lorelei<br \/>\nCertifierad ASK-healer<\/p>\n","protected":false},"excerpt":{"rendered":"<p>ASK-healingen arbetar p\u00e5 tre niv\u00e5er &#8211; Ande, Sj\u00e4l och Kropp. Det sker genom en diagnos, rening, balansering och healing. I ASK-healingen tas kontakt med Akasha-kr\u00f6nikan. Oftast kommer det d\u00e5 upp bilder eller ord som jag delger dig b\u00e5de muntligt och skriftligt efter behandlingen. Du f\u00e5r \u00e4ven del av kraftfulla uppstigningsenergier. Vid behov kan ocks\u00e5 f\u00e4rghealing [&hellip;]<\/p>\n","protected":false},"author":1,"featured_media":0,"parent":0,"menu_order":0,"comment_status":"closed","ping_status":"closed","template":"","meta":[],"_links":{"self":[{"href":"https:\/\/langtanochlust.com\/index.php?rest_route=\/wp\/v2\/pages\/2756"}],"collection":[{"href":"https:\/\/langtanochlust.com\/index.php?rest_route=\/wp\/v2\/pages"}],"about":[{"href":"https:\/\/langtanochlust.com\/index.php?rest_route=\/wp\/v2\/types\/page"}],"author":[{"embeddable":true,"href":"https:\/\/langtanochlust.com\/index.php?rest_route=\/wp\/v2\/users\/1"}],"replies":[{"embeddable":true,"href":"https:\/\/langtanochlust.com\/index.php?rest_route=%2Fwp%2Fv2%2Fcomments&post=2756"}],"version-history":[{"count":9,"href":"https:\/\/langtanochlust.com\/index.php?rest_route=\/wp\/v2\/pages\/2756\/revisions"}],"predecessor-version":[{"id":4702,"href":"https:\/\/langtanochlust.com\/index.php?rest_route=\/wp\/v2\/pages\/2756\/revisions\/4702"}],"wp:attachment":[{"href":"https:\/\/langtanochlust.com\/index.php?rest_route=%2Fwp%2Fv2%2Fmedia&parent=2756"}],"curies":[{"name":"wp","href":"https:\/\/api.w.org\/{rel}","templated":true}]}}