{"id":2378,"date":"2017-08-17T19:53:52","date_gmt":"2017-08-17T19:53:52","guid":{"rendered":"http:\/\/langtanochlust.com\/?page_id=2378"},"modified":"2021-07-30T17:42:15","modified_gmt":"2021-07-30T17:42:15","slug":"shamansk-ritual","status":"publish","type":"page","link":"https:\/\/langtanochlust.com\/?page_id=2378","title":{"rendered":"Shamanska Riter"},"content":{"rendered":"<p><strong>I dessa shamanska vackra riter f\u00e5r du hj\u00e4lp att ta kontakt med din djupaste sanning och det du vill ha mer av i ditt liv. Du f\u00e5r hj\u00e4lp att sl\u00e4ppa inre och yttre hinder s\u00e5 att du verkligen blir fri att vara den du \u00e4r. Du f\u00e5r hj\u00e4lp att f\u00e5 fart p\u00e5 dina dr\u00f6mmar, det du djupast l\u00e4ngtar efter.<\/strong><\/p>\n<p><a href=\"http:\/\/media.langtanochlust.com\/2017\/08\/Shamansk-ritual-IMG_0986.jpg\"><img decoding=\"async\" loading=\"lazy\" class=\"alignright size-thumbnail wp-image-3252\" src=\"http:\/\/media.langtanochlust.com\/2017\/08\/Shamansk-ritual-IMG_0986-150x150.jpg\" alt=\"\" width=\"150\" height=\"150\" \/><\/a><\/p>\n<p>F\u00f6r 40 \u00e5r sedan m\u00f6tte jag en shaman i Cusco och gick \u00e4ven Inka-stigen till Machu Pichu i Peru. Det var starka upplevelser och \u00e4nda sedan dess har jag haft en l\u00e4ngtan att l\u00e4ra k\u00e4nna Inka-traditionerna, men inte vetat hur. Queroindianerna som f\u00f6rvaltat inkatraditionerna fick f\u00f6r ett antal \u00e5r sedan till sig att dela med sig av sina traditioner till oss i Sverige. Jag har haft f\u00f6rm\u00e5nen att l\u00e4ra mig n\u00e5gra av deras healingtekniker och riter. Healingtekniken\u00a0 \u00e4r mycket kraftfull och jag anv\u00e4nder den som en del i den healing jag ger.<\/p>\n<p>Enligt Queroindianerna \u00e4r vi i v\u00e5r tid rotl\u00f6sa, vilket skapar f\u00f6rvirring och \u00e4ven sjukdom. Vi beh\u00f6ver grunda oss och hitta riktningen och meningen med v\u00e5ra liv. Vi beh\u00f6ver f\u00f6rena kropp och sj\u00e4l. Enligt dessa shamaner (Paqos) \u00e4r v\u00e5rt ursprung en stj\u00e4rnkonstellation som heter Plejaderna. N\u00e4r vi \u00e5terknyter kontakten med dessa stj\u00e4rnor f\u00e5r vi hj\u00e4lp att f\u00e5 kontakt med v\u00e5r sj\u00e4l och att hitta hem till oss sj\u00e4lva.<\/p>\n<p>Vi g\u00e5r tillsammans igenom 4 olika riter vid ett och samma tillf\u00e4lle, vilket tar ca 1,5 tim. Precis som i healing s\u00e4tter det ig\u00e5ng en djup transformationsprocess. Du kan komplettera med coachande samtal och healing f\u00f6r att f\u00f6rst\u00e4rka processen.<\/p>\n<p>Dessa riter ges \u00e4ven i grupp.<\/p>\n<p>S\u00e5 h\u00f6r skriver n\u00e5gra personer som var med p\u00e5 en grupptr\u00e4ff i maj 2019:<br \/>\n&#8221;K\u00e4rleksfullt, transformerande inre resa med hj\u00e4lp av Lill&#8221;.<br \/>\nMed Ljus o k\u00e4rlek, Ann-Christin Johansson<\/p>\n<p>&#8221;\u00c4r ljuvligt energigivande &amp; ljuset. Flera olika ritualer f\u00f6r att skapa en helhet. K\u00e4nns fullbordat&#8221;<\/p>\n<p>Varmt v\u00e4lkommen att ta del av dessa kraftfulla riter. N\u00e4r du bokat tid f\u00e5r du instruktioner inf\u00f6r v\u00e5rt m\u00f6te.<\/p>\n","protected":false},"excerpt":{"rendered":"<p>I dessa shamanska vackra riter f\u00e5r du hj\u00e4lp att ta kontakt med din djupaste sanning och det du vill ha mer av i ditt liv. Du f\u00e5r hj\u00e4lp att sl\u00e4ppa inre och yttre hinder s\u00e5 att du verkligen blir fri att vara den du \u00e4r. Du f\u00e5r hj\u00e4lp att f\u00e5 fart p\u00e5 dina dr\u00f6mmar, det [&hellip;]<\/p>\n","protected":false},"author":1,"featured_media":0,"parent":0,"menu_order":0,"comment_status":"closed","ping_status":"closed","template":"","meta":[],"_links":{"self":[{"href":"https:\/\/langtanochlust.com\/index.php?rest_route=\/wp\/v2\/pages\/2378"}],"collection":[{"href":"https:\/\/langtanochlust.com\/index.php?rest_route=\/wp\/v2\/pages"}],"about":[{"href":"https:\/\/langtanochlust.com\/index.php?rest_route=\/wp\/v2\/types\/page"}],"author":[{"embeddable":true,"href":"https:\/\/langtanochlust.com\/index.php?rest_route=\/wp\/v2\/users\/1"}],"replies":[{"embeddable":true,"href":"https:\/\/langtanochlust.com\/index.php?rest_route=%2Fwp%2Fv2%2Fcomments&post=2378"}],"version-history":[{"count":7,"href":"https:\/\/langtanochlust.com\/index.php?rest_route=\/wp\/v2\/pages\/2378\/revisions"}],"predecessor-version":[{"id":3728,"href":"https:\/\/langtanochlust.com\/index.php?rest_route=\/wp\/v2\/pages\/2378\/revisions\/3728"}],"wp:attachment":[{"href":"https:\/\/langtanochlust.com\/index.php?rest_route=%2Fwp%2Fv2%2Fmedia&parent=2378"}],"curies":[{"name":"wp","href":"https:\/\/api.w.org\/{rel}","templated":true}]}}