{"id":192,"date":"2012-01-09T21:22:10","date_gmt":"2012-01-09T21:22:10","guid":{"rendered":"http:\/\/aktuellt.langtanochlust.com\/?page_id=192"},"modified":"2012-01-09T21:22:10","modified_gmt":"2012-01-09T21:22:10","slug":"angestdampare","status":"publish","type":"page","link":"https:\/\/langtanochlust.com\/?page_id=192","title":{"rendered":"\u00c5ngestd\u00e4mpare"},"content":{"rendered":"<p><strong>K\u00e4nner du oro,\u00e5ngest eller r\u00e4dsla f\u00f6r att d\u00f6? D\u00e5 inbjuder jag dig att prova healing. Den \u00e4r lugnande och avslappnande och hj\u00e4lper dig att f\u00e5 kontakt med din inre v\u00e4gledare och med din skydds\u00e4ngel. Healingen bygger ocks\u00e5 en vacker bro till till ljuset och till andra sidan. Kanske f\u00e5r du under healingen, p\u00e5 energiplanet, m\u00f6ta dina bortg\u00e5ngna v\u00e4nner och sl\u00e4ktingar. <\/strong><\/p>\n<p><strong>En klient som\u00a0 k\u00e4nt r\u00e4dsla f\u00f6r att d\u00f6 fick\u00a0 under en healing en existentiell upplevelse och en k\u00e4nsla av n\u00e4rvaro. Efter healingen uttryckte hon spontant: &#8221;En s\u00e5n h\u00e4r d\u00f6d skulle jag vilja best\u00e4lla&#8221;.<\/strong><\/p>\n<p><strong>N\u00e4r jag sj\u00e4lv befann mig djupt nere i oro och \u00e5ngest var meditation och healing min viktigaste v\u00e4g tillbaka till livet.<\/strong><\/p>\n<p><strong>Om du m\u00e5r s\u00e5 d\u00e5ligt att du inte vill eller kan ta dig ut kan jag komma till dig och ge healing d\u00e4r du \u00e4r. Jag kan ocks\u00e5 skicka distanshealing (vilket dock inte \u00e4r lika avslappnande).<\/strong><\/p>\n<p><strong>Pr\u00f6va nya v\u00e4gar till inre ro och helande. Det \u00e4r aldrig f\u00f6r sent att helas!<\/strong><\/p>\n","protected":false},"excerpt":{"rendered":"<p>K\u00e4nner du oro,\u00e5ngest eller r\u00e4dsla f\u00f6r att d\u00f6? D\u00e5 inbjuder jag dig att prova healing. Den \u00e4r lugnande och avslappnande och hj\u00e4lper dig att f\u00e5 kontakt med din inre v\u00e4gledare och med din skydds\u00e4ngel. Healingen bygger ocks\u00e5 en vacker bro till till ljuset och till andra sidan. Kanske f\u00e5r du under healingen, p\u00e5 energiplanet, m\u00f6ta [&hellip;]<\/p>\n","protected":false},"author":1,"featured_media":0,"parent":0,"menu_order":0,"comment_status":"closed","ping_status":"closed","template":"","meta":[],"_links":{"self":[{"href":"https:\/\/langtanochlust.com\/index.php?rest_route=\/wp\/v2\/pages\/192"}],"collection":[{"href":"https:\/\/langtanochlust.com\/index.php?rest_route=\/wp\/v2\/pages"}],"about":[{"href":"https:\/\/langtanochlust.com\/index.php?rest_route=\/wp\/v2\/types\/page"}],"author":[{"embeddable":true,"href":"https:\/\/langtanochlust.com\/index.php?rest_route=\/wp\/v2\/users\/1"}],"replies":[{"embeddable":true,"href":"https:\/\/langtanochlust.com\/index.php?rest_route=%2Fwp%2Fv2%2Fcomments&post=192"}],"version-history":[{"count":10,"href":"https:\/\/langtanochlust.com\/index.php?rest_route=\/wp\/v2\/pages\/192\/revisions"}],"predecessor-version":[{"id":239,"href":"https:\/\/langtanochlust.com\/index.php?rest_route=\/wp\/v2\/pages\/192\/revisions\/239"}],"wp:attachment":[{"href":"https:\/\/langtanochlust.com\/index.php?rest_route=%2Fwp%2Fv2%2Fmedia&parent=192"}],"curies":[{"name":"wp","href":"https:\/\/api.w.org\/{rel}","templated":true}]}}