{"id":17,"date":"2011-08-23T17:35:38","date_gmt":"2011-08-23T17:35:38","guid":{"rendered":"http:\/\/aktuellt.langtanochlust.com\/?page_id=17"},"modified":"2020-08-05T17:28:36","modified_gmt":"2020-08-05T17:28:36","slug":"startsida","status":"publish","type":"page","link":"https:\/\/langtanochlust.com\/","title":{"rendered":"V\u00e4lkommen"},"content":{"rendered":"<p><strong>V\u00e4lkommen till L\u00e4ngtan och Lust\u00a0som i G\u00f6teborg erbjuder:<br \/>\nAkupressur, energimassage, ber\u00f6ring, healing, coachande samtal samt meditationer f\u00f6r personlig och andlig utveckling.<\/strong><\/p>\n<p><strong>Eftersom du hittat min hemsida tror jag att du har en l\u00e4ngtan inom dig.<\/strong><\/p>\n<p><strong>Kanske \u00e4r det n\u00e5got i ditt liv som beh\u00f6ver belysas eller f\u00f6r\u00e4ndras &#8211; en situation, en relation, n\u00e5got fysiskt eller k\u00e4nslom\u00e4ssigt . <\/strong><\/p>\n<p><strong>M\u00e5nga som kommer till mig l\u00e4ngtar faktiskt efter att p\u00e5 djupet ta reda p\u00e5 svaren p\u00e5 de viktigaste fr\u00e5gorna i livet:<br \/>\nVem \u00e4r jag?\u00a0Vilket \u00e4r mitt livssyfte?<\/strong><\/p>\n<p><strong>De flesta av oss har bara en vag aning om vilka vi \u00e4r. Det &#8221;trassel&#8221; som p\u00e5 olika plan dyker upp i v\u00e5ra liv f\u00f6rs\u00f6ker visa oss vilka vi \u00e4r. Ibland beh\u00f6ver vi v\u00e4gledning f\u00f6r att ta oss igenom v\u00e5ra inre lager av f\u00f6rsvar och motst\u00e5nd f\u00f6r att l\u00e4ra k\u00e4nna oss sj\u00e4lva djupare och n\u00e5 dit vi l\u00e4ngtar. Det \u00e4r genom motg\u00e5ngar som vi v\u00e4xer och utvecklas.<\/strong><\/p>\n<p><strong>Min \u00f6nskan \u00e4r att intuitivt och med en kombination av olika verktyg v\u00e4gleda dig s\u00e5 att du tydligare f\u00f6rst\u00e5r vem du \u00e4r, k\u00e4nner igen dina unika talanger och klarare kan se vilken v\u00e4g som \u00e4r din.<\/strong><\/p>\n<p><strong>Det \u00e4r oftast en inre resa d\u00e4r det kr\u00e4vs mod att f\u00f6r\u00e4ndra &#8211; \u00a0ibland b\u00e5de inre f\u00f6rest\u00e4llningar och yttre omst\u00e4ndigheter.<\/strong><\/p>\n<p><strong>\u00c4r du villig att m\u00f6ta dig sj\u00e4lv kan du f\u00e5 vara med om en sp\u00e4nnande (inte alltid enkel) resa som tar dig hem till ditt eget hj\u00e4rta &#8211; en rofylld plats d\u00e4r du kan lita p\u00e5 dig sj\u00e4lv och kan vara trygg med det du m\u00f6ter.\u00a0 <\/strong><\/p>\n<p><strong>V\u00e4lkommen att komma p\u00e5 ett prova p\u00e5 tillf\u00e4lle. Om du k\u00e4nner dig trygg med mig rekommenderar jag dig att boka flera tillf\u00e4llen (5 tillf\u00e4llen ger rabatt) s\u00e5 att vi i en m\u00e5lmedveten process kan ta oss an det tema som du vill belysa. <\/strong><\/p>\n<p><strong>Min utg\u00e5ngspunkt \u00e4r min egen inre resa, min intuition och andliga kontakt. Jag har m\u00e5ng\u00e5rig erfarenhet av v\u00e4gledning. Jag kombinerar oftast olika tekniker. Mina ledord \u00e4r respekt, engagemang och v\u00e4rme.<\/strong><\/p>\n<p><strong>Varje behandling \u00e4r individuell och konfidentiell.<br \/>\nProva p\u00e5-erbjudande och f\u00f6rm\u00e5nliga priser.<\/strong><\/p>\n<p>&#8221;<em>Var sann mot din l\u00e4ngtan ty d\u00e4r ligger din v\u00e4g och din livsuppgift<\/em>&#8221;<br \/>\nUr boken Kunskapens K\u00e4lla av Sananda\/Anna Berg.<\/p>\n<p><strong>Lyssna till din l\u00e4ngtan. Finn din lust!<\/strong><\/p>\n<p><strong>Varmt v\u00e4lkommen, Lill Andersson<\/strong><\/p>\n<p><em><br \/>\n<\/em><\/p>\n<p>&nbsp;<\/p>\n","protected":false},"excerpt":{"rendered":"<p>V\u00e4lkommen till L\u00e4ngtan och Lust\u00a0som i G\u00f6teborg erbjuder: Akupressur, energimassage, ber\u00f6ring, healing, coachande samtal samt meditationer f\u00f6r personlig och andlig utveckling. Eftersom du hittat min hemsida tror jag att du har en l\u00e4ngtan inom dig. Kanske \u00e4r det n\u00e5got i ditt liv som beh\u00f6ver belysas eller f\u00f6r\u00e4ndras &#8211; en situation, en relation, n\u00e5got fysiskt eller [&hellip;]<\/p>\n","protected":false},"author":1,"featured_media":0,"parent":0,"menu_order":0,"comment_status":"closed","ping_status":"closed","template":"","meta":[],"_links":{"self":[{"href":"https:\/\/langtanochlust.com\/index.php?rest_route=\/wp\/v2\/pages\/17"}],"collection":[{"href":"https:\/\/langtanochlust.com\/index.php?rest_route=\/wp\/v2\/pages"}],"about":[{"href":"https:\/\/langtanochlust.com\/index.php?rest_route=\/wp\/v2\/types\/page"}],"author":[{"embeddable":true,"href":"https:\/\/langtanochlust.com\/index.php?rest_route=\/wp\/v2\/users\/1"}],"replies":[{"embeddable":true,"href":"https:\/\/langtanochlust.com\/index.php?rest_route=%2Fwp%2Fv2%2Fcomments&post=17"}],"version-history":[{"count":35,"href":"https:\/\/langtanochlust.com\/index.php?rest_route=\/wp\/v2\/pages\/17\/revisions"}],"predecessor-version":[{"id":3497,"href":"https:\/\/langtanochlust.com\/index.php?rest_route=\/wp\/v2\/pages\/17\/revisions\/3497"}],"wp:attachment":[{"href":"https:\/\/langtanochlust.com\/index.php?rest_route=%2Fwp%2Fv2%2Fmedia&parent=17"}],"curies":[{"name":"wp","href":"https:\/\/api.w.org\/{rel}","templated":true}]}}