{"id":129,"date":"2012-01-03T22:16:17","date_gmt":"2012-01-03T22:16:17","guid":{"rendered":"http:\/\/aktuellt.langtanochlust.com\/?page_id=129"},"modified":"2023-11-26T15:54:36","modified_gmt":"2023-11-26T15:54:36","slug":"samtal-och-fordjupning","status":"publish","type":"page","link":"https:\/\/langtanochlust.com\/?page_id=129","title":{"rendered":"Samtal och f\u00f6rdjupning"},"content":{"rendered":"<p><strong>Min \u00f6vertygelse och personliga erfarenhet \u00e4r att n\u00e4r vi hittar hem till oss sj\u00e4lva blir det m\u00f6jligt att finna ro, harmoni, lust och livsgl\u00e4dje.<\/strong><\/p>\n<p><strong>N\u00e4r du finner ditt sanna jag finner du ocks\u00e5 svaren p\u00e5 m\u00e5nga av dina fr\u00e5gor och n\u00e5r enklare de resultat och det sinnestillst\u00e5nd som du l\u00e4ngtar efter.<\/strong><\/p>\n<p><strong>Att l\u00e4ra k\u00e4nna sig sj\u00e4lv och n\u00e5 sitt inre jag \u00e4r en process. Vi \u00e4r som en l\u00f6k d\u00e4r vi beh\u00f6ver skala av lager efter lager f\u00f6r att hitta in till det innersta. Det \u00e4r en process som beh\u00f6ver tid och olika redskap vid olika tillf\u00e4llen.<\/strong><\/p>\n<p><strong>Det kan handla om att du beh\u00f6ver f\u00e5 djupare kontakt med och bearbeta dina k\u00e4nslor, l\u00f6sa upp begr\u00e4nsande m\u00f6nster, \u00e5terfinna din sj\u00e4lvk\u00e4nsla eller f\u00f6r\u00e4ndra n\u00e5got i ditt liv.<\/strong><\/p>\n<p><strong>Vi m\u00f6ts i \u00f6ppenhet\u00a0 och med intuitionens hj\u00e4lp anv\u00e4nder jag de metoder som b\u00e4st st\u00f6djer dig i den process du \u00e4r i just nu. Tillsammans hittar vi nya perspektiv och kreativa l\u00f6sningar.<\/strong><\/p>\n<p><strong>Min erfarenhet \u00e4r att det ger goda resultat att kombinera avslappnande behandlingar som healing och massage med det coachande samtalet. Vi kan \u00e4ven komplettera med kroppsterapi\u00f6vningar, meditation, dr\u00f6mtolkning, bilder och ber\u00e4ttelser.<\/strong><\/p>\n<p><strong>V\u00e4lkommen att tillsammans med mig g\u00f6ra en inre resa &#8211; en resa som kan f\u00f6r\u00e4ndra ditt liv.<\/strong><\/p>\n<p><strong>Det \u00e4r NU som livet \u00e4r ditt!<\/strong><\/p>\n<p>S\u00e5 h\u00e4r s\u00e4ger en klient:<br \/>\n<i>&#8221;Jag har i flera \u00e5r g\u00e5tt p\u00e5 p\u00e5 Andlig v\u00e4gledning hos Lill och kan varmt rekommendera detta.<br \/>\n<\/i><i>Jag g\u00e5r dit n\u00e4r det \u00e4r n\u00e5got som tynger mig, s\u00e5 vanligtvis \u00e4r det olika teman varje g\u00e5ng.<br \/>\n<\/i><i>Jag upplever att Lill \u00e4r bra p\u00e5 att locka fram sanningen och det som \u00e4r redo att helas. Hon \u00e4r intuitiv och ink\u00e4nnande.\u00a0<\/i><\/p>\n<div dir=\"auto\"><i>Oftast blir sessionerna olika fr\u00e5n g\u00e5ng till g\u00e5ng d\u00e5 vi blandar tex samtal, mindmapping, olika former av healing och v\u00e4gledning genom kort.\u00a0<\/i><\/div>\n<div dir=\"auto\"><\/div>\n<div dir=\"auto\"><i>Efter sessionen k\u00e4nner jag mig st\u00e4rkt och kan se p\u00e5 situationen fr\u00e5n ett h\u00f6gre perspektiv. Antingen har vi k\u00e4rleksfullt l\u00f6st det som tyngt mig i m\u00f6tet, i andra fall har jag f\u00e5tt verktyg till hur jag kan forts\u00e4tta att l\u00f6sa\/f\u00f6rb\u00e4ttra\/f\u00f6r\u00e4ndra det som bekymrar mig, i sanning och med k\u00e4rlek.&#8221;<\/i>\u00a0&#8211; Kvinna i 50-\u00e5rs \u00e5ldern.<\/div>\n","protected":false},"excerpt":{"rendered":"<p>Min \u00f6vertygelse och personliga erfarenhet \u00e4r att n\u00e4r vi hittar hem till oss sj\u00e4lva blir det m\u00f6jligt att finna ro, harmoni, lust och livsgl\u00e4dje. N\u00e4r du finner ditt sanna jag finner du ocks\u00e5 svaren p\u00e5 m\u00e5nga av dina fr\u00e5gor och n\u00e5r enklare de resultat och det sinnestillst\u00e5nd som du l\u00e4ngtar efter. Att l\u00e4ra k\u00e4nna sig [&hellip;]<\/p>\n","protected":false},"author":1,"featured_media":0,"parent":0,"menu_order":0,"comment_status":"closed","ping_status":"closed","template":"","meta":[],"_links":{"self":[{"href":"https:\/\/langtanochlust.com\/index.php?rest_route=\/wp\/v2\/pages\/129"}],"collection":[{"href":"https:\/\/langtanochlust.com\/index.php?rest_route=\/wp\/v2\/pages"}],"about":[{"href":"https:\/\/langtanochlust.com\/index.php?rest_route=\/wp\/v2\/types\/page"}],"author":[{"embeddable":true,"href":"https:\/\/langtanochlust.com\/index.php?rest_route=\/wp\/v2\/users\/1"}],"replies":[{"embeddable":true,"href":"https:\/\/langtanochlust.com\/index.php?rest_route=%2Fwp%2Fv2%2Fcomments&post=129"}],"version-history":[{"count":10,"href":"https:\/\/langtanochlust.com\/index.php?rest_route=\/wp\/v2\/pages\/129\/revisions"}],"predecessor-version":[{"id":4304,"href":"https:\/\/langtanochlust.com\/index.php?rest_route=\/wp\/v2\/pages\/129\/revisions\/4304"}],"wp:attachment":[{"href":"https:\/\/langtanochlust.com\/index.php?rest_route=%2Fwp%2Fv2%2Fmedia&parent=129"}],"curies":[{"name":"wp","href":"https:\/\/api.w.org\/{rel}","templated":true}]}}