{"id":126,"date":"2012-01-03T22:11:11","date_gmt":"2012-01-03T22:11:11","guid":{"rendered":"http:\/\/aktuellt.langtanochlust.com\/?page_id=126"},"modified":"2018-12-06T19:58:37","modified_gmt":"2018-12-06T19:58:37","slug":"massage","status":"publish","type":"page","link":"https:\/\/langtanochlust.com\/?page_id=126","title":{"rendered":"Massage"},"content":{"rendered":"<p><strong>INTUITIV BER\u00d6RING \u00e4r en k\u00e4rleksfull ber\u00f6ring f\u00f6r djup avslappning och kontakt med dig sj\u00e4lv. Den kombineras med healing och samtal.Se \u00e4ven fliken Ber\u00f6ring.<\/strong><\/p>\n<p><strong>CHAKRAFL\u00d6DESMASSAGE \u00e4r en djupg\u00e5ende massage f\u00f6r \u00f6kad energi och personlig utveckling. Jag ger dock inte l\u00e4ngre denna massage.<\/strong><\/p>\n<p>&nbsp;<\/p>\n<p><strong>ESOTERISK L\u00c4TTMASSAGE \u00e4r en k\u00e4rleksfull massage f\u00f6r personlig utveckling<\/strong><\/p>\n<p><strong>L\u00e4ttmassagen hj\u00e4lper dig att \u00f6ppna upp hj\u00e4rtat och f\u00e5 k\u00e4rleken att fl\u00f6da. Det underl\u00e4ttar \u00e4ven f\u00f6r dig at sl\u00e4ppa taget om det gamla &#8211; det som hindrar dig fr\u00e5n att vara den du \u00e4r. Du f\u00e5r ocks\u00e5 genom massagen b\u00e4ttre kontakt med din intuition.<\/strong><\/p>\n<p><strong>Du f\u00e5r en annorlunda helkroppsmassage utan olja. Kroppen masseras delvis med en frott\u00e9socka i best\u00e4mda r\u00f6relser. Behandlingen tar ca 45 min och \u00e4r som en renande dusch. I behandlingen ing\u00e5r \u00e4ven en aurarening och en chakrabalansering.<\/strong><\/p>\n<p>S\u00e5 h\u00e4r s\u00e4ger en klient om l\u00e4ttmassagen:<\/p>\n<p>&#8221;<em>Det var otroligt att en s\u00e5 l\u00e4tt massage kunde ge en s\u00e5 djupg\u00e5ende effekt. jag fick en hj\u00e4rt\u00f6ppning som rensade ut en hel del gammalt skr\u00e4p&#8221;<\/em><\/p>\n","protected":false},"excerpt":{"rendered":"<p>INTUITIV BER\u00d6RING \u00e4r en k\u00e4rleksfull ber\u00f6ring f\u00f6r djup avslappning och kontakt med dig sj\u00e4lv. Den kombineras med healing och samtal.Se \u00e4ven fliken Ber\u00f6ring. CHAKRAFL\u00d6DESMASSAGE \u00e4r en djupg\u00e5ende massage f\u00f6r \u00f6kad energi och personlig utveckling. Jag ger dock inte l\u00e4ngre denna massage. &nbsp; ESOTERISK L\u00c4TTMASSAGE \u00e4r en k\u00e4rleksfull massage f\u00f6r personlig utveckling L\u00e4ttmassagen hj\u00e4lper dig att [&hellip;]<\/p>\n","protected":false},"author":1,"featured_media":0,"parent":0,"menu_order":0,"comment_status":"closed","ping_status":"closed","template":"","meta":[],"_links":{"self":[{"href":"https:\/\/langtanochlust.com\/index.php?rest_route=\/wp\/v2\/pages\/126"}],"collection":[{"href":"https:\/\/langtanochlust.com\/index.php?rest_route=\/wp\/v2\/pages"}],"about":[{"href":"https:\/\/langtanochlust.com\/index.php?rest_route=\/wp\/v2\/types\/page"}],"author":[{"embeddable":true,"href":"https:\/\/langtanochlust.com\/index.php?rest_route=\/wp\/v2\/users\/1"}],"replies":[{"embeddable":true,"href":"https:\/\/langtanochlust.com\/index.php?rest_route=%2Fwp%2Fv2%2Fcomments&post=126"}],"version-history":[{"count":14,"href":"https:\/\/langtanochlust.com\/index.php?rest_route=\/wp\/v2\/pages\/126\/revisions"}],"predecessor-version":[{"id":3070,"href":"https:\/\/langtanochlust.com\/index.php?rest_route=\/wp\/v2\/pages\/126\/revisions\/3070"}],"wp:attachment":[{"href":"https:\/\/langtanochlust.com\/index.php?rest_route=%2Fwp%2Fv2%2Fmedia&parent=126"}],"curies":[{"name":"wp","href":"https:\/\/api.w.org\/{rel}","templated":true}]}}