{"id":114,"date":"2012-01-03T21:39:12","date_gmt":"2012-01-03T21:39:12","guid":{"rendered":"http:\/\/aktuellt.langtanochlust.com\/?page_id=114"},"modified":"2020-08-05T18:51:43","modified_gmt":"2020-08-05T18:51:43","slug":"distanshealing","status":"publish","type":"page","link":"https:\/\/langtanochlust.com\/?page_id=114","title":{"rendered":"Distanshealing"},"content":{"rendered":"<p><a href=\"http:\/\/media.langtanochlust.com\/2011\/12\/photo_160_20060318-fj%C3%A4ril.jpg\"><img decoding=\"async\" loading=\"lazy\" class=\"size-medium wp-image-145 alignright\" title=\"photo_160_20060318 fj\u00e4ril\" src=\"http:\/\/media.langtanochlust.com\/2011\/12\/photo_160_20060318-fj%C3%A4ril-300x225.jpg\" alt=\"\" width=\"281\" height=\"98\" \/><\/a><strong>Den k\u00e4rleksfulla energi och andliga v\u00e4gledning som du kan f\u00e5 tillg\u00e5ng till genom healing \u00e4r inte beroende av tid eller rum. Oavsett var du befinner dig kan du d\u00e4rf\u00f6r f\u00e5 healing utan att vi tr\u00e4ffas.<\/strong><\/p>\n<p><strong>Distanshealing \u00e4r s\u00e4rskilt v\u00e4rdefullt om du vill ha st\u00f6d i en speciell situation eller vill ha v\u00e4gledning i en s\u00e4rskild fr\u00e5ga. Det kan ocks\u00e5 vara s\u00e5 att du befinner dig i en akut situation d\u00e4r du k\u00e4nner dig orolig och f\u00f6rvirrad och beh\u00f6ver st\u00f6d. Du kan k\u00e4nna energierna men f\u00e5r troligen inte den djupa avslappning som de flesta upplever under healing vid ett personligt m\u00f6te.<\/strong><\/p>\n<p><strong>Under r\u00e5dande omst\u00e4ndigheter \u00e4r det p\u00e5tagligt f\u00f6r oss alla hur vi fungerar som en\u00a0enhet \u00f6ver hela jorden. V\u00e5rt kollektiva medvetande formas av oss alla genom v\u00e5ra\u00a0handlingar, k\u00e4nslor och tankar. Samma kollektiva medvetande p\u00e5verkar sedan var\u00a0och en av oss &#8211; p\u00e5 positiva eller negativa s\u00e4tt.\u00a0Nu n\u00e4r v\u00e4rlden transformeras framf\u00f6r\u00a0v\u00e5ra \u00f6gon i en rasande takt \u00e4r det viktigare \u00e4n n\u00e5gonsin att vi sl\u00e4pper taget om v\u00e5rt\u00a0mentala och k\u00e4nslom\u00e4ssiga bagage f\u00f6r att i v\u00e5r energi vibrera h\u00f6gt, i enlighet med\u00a0den v\u00e4rld vi nu har en unik m\u00f6jlighet att gemensamt f\u00f6da fram, en av enhet, fred och harmoni.<\/strong><\/p>\n<p><strong>B\u00e4st effekt f\u00e5r du om du tar en stund f\u00f6r dig sj\u00e4lv p\u00e5 en lugn plats och tar emot healingen p\u00e5 det s\u00e4tt som k\u00e4nns b\u00e4st f\u00f6r dig.<\/strong><\/p>\n<p><strong>Jag s\u00e4nder healingenergi till dig och tar emot andlig v\u00e4gledning f\u00f6r din del. Jag skriver ner den information jag f\u00e5r till mig och skickar till dig med mail. Informationen kan tydligg\u00f6ra vem du \u00e4r, var du befinner dig och vad du beh\u00f6ver f\u00f6r att g\u00e5 vidare p\u00e5 min v\u00e4g. Det \u00e4r inte s\u00e4kert att du f\u00e5r s\u00e5 tydliga svar som du\u00a0 skulle \u00f6nska, men m\u00e5nga ber\u00e4ttar att informationen betyder mycket och att de ofta \u00e5terv\u00e4nder till den.<\/strong><\/p>\n<p><strong>Jag s\u00e4nder dig healing utifr\u00e5n mitt \u00f6ppna hj\u00e4rta, min utvecklade intuition och min andliga kontakt. N\u00e4r jag lyssnar in\u00e5t och tar ansvar f\u00f6r mig sj\u00e4lv kan jag vara en ren kanal f\u00f6r den k\u00e4rleksenergi som skapar lust, medvetenhet och gl\u00e4dje.<\/strong><\/p>\n<p><strong>V\u00e4lkommen att boka tid.<\/strong><\/p>\n<p>S\u00e5 h\u00e4r s\u00e4ger n\u00e5gra klienter om vad distanshealing har betytt f\u00f6r dom:<\/p>\n<p><em>&#8221;Genom Lills unika g\u00e5va att ge distanshealing har jag f\u00e5tt tillg\u00e5ng till kunskaper som \u00e4r en otrolig hj\u00e4lp och ett <span style=\"text-decoration: underline;\">ov\u00e4rderligt<\/span> redskap. De har hj\u00e4lpt mig att se mig sj\u00e4lv och mina behov samt att kunna se nya m\u00f6jligheter att hantera olika situationer. I m\u00e5nga stunder har informationen gett mig hopp, fr\u00f6tr\u00f6stan och den kraft som jag beh\u00f6vt f\u00f6r att komma vidare i mitt liv&#8221;. Marie<\/em><\/p>\n<p>&#8221;<em>Genom att f\u00e5 distanshealing, har det gjort det m\u00f6jligt f\u00f6r mig att \u00e4ntligen f\u00e5 hj\u00e4lp med att hitta mitt &#8221;sanna jag&#8221;. Att l\u00e4sa mitt mail med informationen fr\u00e5n distanshealingen var som att mina tankar hade skrivit det sj\u00e4lv. All min l\u00e4ngtan efter gl\u00e4dje var s\u00e5 uppenbar. En enorm k\u00e4nsla av att ha &#8221;hittat r\u00e4tt&#8221; infann sig. Detta har gjort det m\u00f6jligt f\u00f6r mig att hitta tillbaka till gl\u00e4djen, att \u00e4ntligen f\u00e5 komma igenom det jobbiga och att f\u00e5 k\u00e4nna mig hel. F\u00e5 styrkan att med sm\u00e5, sm\u00e5 steg &#8221;v\u00e5ga vara&#8221; den jag VILL vara&#8221;. Anne<\/em><\/p>\n<p>Foto: Vitgr\u00e4sfj\u00e4ril, Christian Almstedt\/A lot of Photos<\/p>\n","protected":false},"excerpt":{"rendered":"<p>Den k\u00e4rleksfulla energi och andliga v\u00e4gledning som du kan f\u00e5 tillg\u00e5ng till genom healing \u00e4r inte beroende av tid eller rum. Oavsett var du befinner dig kan du d\u00e4rf\u00f6r f\u00e5 healing utan att vi tr\u00e4ffas. Distanshealing \u00e4r s\u00e4rskilt v\u00e4rdefullt om du vill ha st\u00f6d i en speciell situation eller vill ha v\u00e4gledning i en s\u00e4rskild [&hellip;]<\/p>\n","protected":false},"author":1,"featured_media":0,"parent":0,"menu_order":0,"comment_status":"closed","ping_status":"closed","template":"","meta":[],"_links":{"self":[{"href":"https:\/\/langtanochlust.com\/index.php?rest_route=\/wp\/v2\/pages\/114"}],"collection":[{"href":"https:\/\/langtanochlust.com\/index.php?rest_route=\/wp\/v2\/pages"}],"about":[{"href":"https:\/\/langtanochlust.com\/index.php?rest_route=\/wp\/v2\/types\/page"}],"author":[{"embeddable":true,"href":"https:\/\/langtanochlust.com\/index.php?rest_route=\/wp\/v2\/users\/1"}],"replies":[{"embeddable":true,"href":"https:\/\/langtanochlust.com\/index.php?rest_route=%2Fwp%2Fv2%2Fcomments&post=114"}],"version-history":[{"count":12,"href":"https:\/\/langtanochlust.com\/index.php?rest_route=\/wp\/v2\/pages\/114\/revisions"}],"predecessor-version":[{"id":3502,"href":"https:\/\/langtanochlust.com\/index.php?rest_route=\/wp\/v2\/pages\/114\/revisions\/3502"}],"wp:attachment":[{"href":"https:\/\/langtanochlust.com\/index.php?rest_route=%2Fwp%2Fv2%2Fmedia&parent=114"}],"curies":[{"name":"wp","href":"https:\/\/api.w.org\/{rel}","templated":true}]}}