{"id":101,"date":"2012-01-03T21:39:28","date_gmt":"2012-01-03T21:39:28","guid":{"rendered":"http:\/\/aktuellt.langtanochlust.com\/?page_id=101"},"modified":"2026-01-06T18:13:11","modified_gmt":"2026-01-06T18:13:11","slug":"healing","status":"publish","type":"page","link":"https:\/\/langtanochlust.com\/?page_id=101","title":{"rendered":"Healing"},"content":{"rendered":"<p><strong><a href=\"http:\/\/media.langtanochlust.com\/2012\/01\/photo_1666_20070408-v%C3%A5rblommor-Maria-Hansen.jpg\"><img decoding=\"async\" loading=\"lazy\" class=\"alignright size-medium wp-image-232\" title=\"photo_1666_20070408 v\u00e5rblommor Maria Hansen\" src=\"http:\/\/media.langtanochlust.com\/2012\/01\/photo_1666_20070408-v%C3%A5rblommor-Maria-Hansen-300x224.jpg\" alt=\"\" width=\"218\" height=\"163\" \/><\/a>INTUITIV HEALING GER DIG AVSLAPPNING OCH KONTAKT MED DITT INRE<\/strong><\/p>\n<p><strong>Healing kan ges b\u00e5de i f\u00f6rebyggande syfte eller om du har behov av att f\u00f6rb\u00e4ttra ditt v\u00e4lbefinnande och din h\u00e4lsa p\u00e5 n\u00e5got omr\u00e5de.<\/strong><\/p>\n<p><strong>Healingenergin \u00e4r en kraftfull energi som ger helande p\u00e5 flera niv\u00e5er &#8211; fysisk, mental, k\u00e4nslom\u00e4ssig och andlig. Du f\u00e5r en djup avslappning samtidigt som ditt energifl\u00f6de f\u00f6rh\u00f6js och balanseras.<\/strong><\/p>\n<p><strong>Den hj\u00e4lper dig att l\u00f6sa upp blockeringar, att d\u00e4mpa oro och \u00e5ngest, att lindra v\u00e4rk, st\u00e4rka immunf\u00f6rsvaret och att f\u00e5 v\u00e4rdefulla insikter om dig sj\u00e4lv.<\/strong><\/p>\n<p><strong>I healingen f\u00e5r du en djupare kontakt med dig sj\u00e4lv genom ditt andliga energif\u00e4lt och ditt undermedvetna.<\/strong><\/p>\n<p><strong>Det kan hj\u00e4lpa dig att se p\u00e5 dig sj\u00e4lv ur ett nytt perspektiv och att finna lust och mod att f\u00f6r\u00e4ndra det som hindrar dig att vara den du vill vara och att styra ditt liv i den riktning som du sj\u00e4lv vill.<br \/>\n<\/strong><\/p>\n<p><strong>Den information som du f\u00e5r tillg\u00e5ng till kommer ofta i bilder, symboler, minnen, k\u00e4nslor eller ord. N\u00e4r jag kanaliserar information f\u00e5r du den skickad till dig med mail eller brev efter behandlingen. M\u00e5nga \u00e5terv\u00e4nder till informationen och har stor gl\u00e4dje av den.<br \/>\n<\/strong><\/p>\n<p><strong>Du f\u00e5r k\u00e4rleksfull v\u00e4gledning i en varm och lugn atmosf\u00e4r med levande ljus och rofylld musik. Behandlingen ges oftast genom direkt kontakt med h\u00e4nderna p\u00e5 kroppen medan du avslappnat ligger och blundar p\u00e5 en massageb\u00e4nk med kl\u00e4derna p\u00e5.<\/strong><\/p>\n<p><strong>Efter behandlingen finns m\u00f6jlighet att tala om de upplevelser och sinnesintryck som du haft under healingen. Behandling och samtal tar normalt 1-1,5 tim.<\/strong><\/p>\n<p><strong>Genom healingen startar du en inre l\u00e4kningsprocess som forts\u00e4tter \u00e4ven efter behandlingstillf\u00e4llet.<\/strong><\/p>\n<p><strong>Energimetoder f\u00e5r alltmer st\u00f6d av forskningen och i andra l\u00e4nder anv\u00e4nds healingkraften som komplement vid behandling av b\u00e5de fysiska och psykiska sjukdomar.<\/strong><\/p>\n<p><strong>Jag ger dig healing utifr\u00e5n mitt \u00f6ppna hj\u00e4rta, min v\u00e4l utvecklade intuition och min andliga kontakt. N\u00e4r jag lyssnar in\u00e5t och tar ansvar f\u00f6r mig sj\u00e4lv kan jag vara en ren kanal f\u00f6r den k\u00e4rleksenergi som skapar lust, medvetenhet och gl\u00e4dje.<br \/>\n<\/strong><\/p>\n<p>S\u00e5 h\u00e4r s\u00e4ger n\u00e5gra klienter som provat healing:<\/p>\n<p><em>&#8221;Tystnaden, avslappningen och den starka energin gav mig djupa insikter om mig sj\u00e4lv&#8221;<\/em><\/p>\n<p><em>&#8221;Jag k\u00e4nner ett inre lugn och en st\u00f6rre klarhet&#8221;<\/em><\/p>\n<p><em>\u00a0&#8221;Tack vare healingen k\u00e4nner jag mig hoppfull inf\u00f6r framtiden&#8221;<\/em><\/p>\n<p><strong><em>&#8221;<\/em><\/strong><em>Den information jag fick vid healingen har varit mycket v\u00e4rdefull f\u00f6r mig&#8221;<br \/>\n<\/em><\/p>\n<p><em>&#8221;Min v\u00e4rk<\/em> <em> f\u00f6rsvann under healingen&#8221;<\/em><strong>\u00a0<\/strong><\/p>\n<p>Foto: Marina Hansen\/A lot of photos<\/p>\n<p><strong><em>\u00a0<\/em><\/strong><\/p>\n","protected":false},"excerpt":{"rendered":"<p>INTUITIV HEALING GER DIG AVSLAPPNING OCH KONTAKT MED DITT INRE Healing kan ges b\u00e5de i f\u00f6rebyggande syfte eller om du har behov av att f\u00f6rb\u00e4ttra ditt v\u00e4lbefinnande och din h\u00e4lsa p\u00e5 n\u00e5got omr\u00e5de. Healingenergin \u00e4r en kraftfull energi som ger helande p\u00e5 flera niv\u00e5er &#8211; fysisk, mental, k\u00e4nslom\u00e4ssig och andlig. Du f\u00e5r en djup avslappning [&hellip;]<\/p>\n","protected":false},"author":1,"featured_media":0,"parent":0,"menu_order":0,"comment_status":"closed","ping_status":"closed","template":"","meta":[],"_links":{"self":[{"href":"https:\/\/langtanochlust.com\/index.php?rest_route=\/wp\/v2\/pages\/101"}],"collection":[{"href":"https:\/\/langtanochlust.com\/index.php?rest_route=\/wp\/v2\/pages"}],"about":[{"href":"https:\/\/langtanochlust.com\/index.php?rest_route=\/wp\/v2\/types\/page"}],"author":[{"embeddable":true,"href":"https:\/\/langtanochlust.com\/index.php?rest_route=\/wp\/v2\/users\/1"}],"replies":[{"embeddable":true,"href":"https:\/\/langtanochlust.com\/index.php?rest_route=%2Fwp%2Fv2%2Fcomments&post=101"}],"version-history":[{"count":28,"href":"https:\/\/langtanochlust.com\/index.php?rest_route=\/wp\/v2\/pages\/101\/revisions"}],"predecessor-version":[{"id":4704,"href":"https:\/\/langtanochlust.com\/index.php?rest_route=\/wp\/v2\/pages\/101\/revisions\/4704"}],"wp:attachment":[{"href":"https:\/\/langtanochlust.com\/index.php?rest_route=%2Fwp%2Fv2%2Fmedia&parent=101"}],"curies":[{"name":"wp","href":"https:\/\/api.w.org\/{rel}","templated":true}]}}