{"id":139,"date":"2012-01-03T22:15:26","date_gmt":"2012-01-03T22:15:26","guid":{"rendered":"http:\/\/aktuellt.langtanochlust.com\/?page_id=139"},"modified":"2026-02-08T20:17:03","modified_gmt":"2026-02-08T20:17:03","slug":"priser-2012","status":"publish","type":"page","link":"http:\/\/langtanochlust.com\/?page_id=139","title":{"rendered":"Priser 2026"},"content":{"rendered":"\n<p><\/p>\n\n\n\n<p><\/p>\n\n\n<p><strong><em>Healing och Coaching:<br \/><\/em><\/strong><strong><em>Ca 1,0 tim.\u00a0 \u00a0 700 kr.<br \/>Ca 1,5 tim.\u00a0 \u00a0 \u00a0900 kr.<br \/>Ca 0,5 tim.\u00a0 \u00a0 400 kr (G\u00e4ller endast distanshealing)<\/em><\/strong><\/p>\n<p><strong><em>Rabatt kan vid behov l\u00e4mnas p\u00e5 ordinarie pris (sjukskrivning, arbetsl\u00f6shet, student etc)<\/em><\/strong><\/p>\n<p>Avbokning senast dagen f\u00f6re bokad tid. Avbokning samma dag debiteras med halva priset.<br \/>Uteblivet bes\u00f6k utan avbokning debiteras med fullt pris.<br \/><strong><em><span style=\"text-decoration: underline;\"><br \/>PROVA P\u00c5 PRIS<br \/><\/span><\/em><\/strong><strong><em>V\u00e4lkommen att prova en valfri behandling 1,5 tim.\u00a0till <span style=\"color: #ff0000;\">prova p\u00e5 pris 500 kr<\/span>.<\/em><\/strong><\/p>\n<p><span style=\"text-decoration: underline;\">Presentkort<\/span> till behandling 1 tim. till prova p\u00e5 pris 500 kr.<\/p>\n<p><strong>Meditation r\u00e4knas som friskv\u00e5rd.<\/strong><\/p>\n<p><strong>F\u00f6retaget har F-skattsedel.<br \/>Betala helst med swish nr 123 467 77 38. Du kan \u00e4ven betala kontant eller till Bg 362-1505. Jag har tyv\u00e4rr inte l\u00e4ngre kortbetalning.<\/strong><strong><br \/><strong>Vid fakturering till f\u00f6retag tillkommer moms p\u00e5 ordinarie pris.<\/strong><\/strong><\/p>\n<p>\u00a0<\/p>","protected":false},"excerpt":{"rendered":"<p>Healing och Coaching:Ca 1,0 tim.\u00a0 \u00a0 700 kr.Ca 1,5 tim.\u00a0 \u00a0 \u00a0900 kr.Ca 0,5 tim.\u00a0 \u00a0 400 kr (G\u00e4ller endast distanshealing) Rabatt kan vid behov l\u00e4mnas p\u00e5 ordinarie pris (sjukskrivning, arbetsl\u00f6shet, student etc) Avbokning senast dagen f\u00f6re bokad tid. Avbokning samma dag debiteras med halva priset.Uteblivet bes\u00f6k utan avbokning debiteras med fullt pris.PROVA P\u00c5 PRISV\u00e4lkommen [&hellip;]<\/p>\n","protected":false},"author":1,"featured_media":0,"parent":0,"menu_order":0,"comment_status":"closed","ping_status":"closed","template":"","meta":[],"_links":{"self":[{"href":"http:\/\/langtanochlust.com\/index.php?rest_route=\/wp\/v2\/pages\/139"}],"collection":[{"href":"http:\/\/langtanochlust.com\/index.php?rest_route=\/wp\/v2\/pages"}],"about":[{"href":"http:\/\/langtanochlust.com\/index.php?rest_route=\/wp\/v2\/types\/page"}],"author":[{"embeddable":true,"href":"http:\/\/langtanochlust.com\/index.php?rest_route=\/wp\/v2\/users\/1"}],"replies":[{"embeddable":true,"href":"http:\/\/langtanochlust.com\/index.php?rest_route=%2Fwp%2Fv2%2Fcomments&post=139"}],"version-history":[{"count":67,"href":"http:\/\/langtanochlust.com\/index.php?rest_route=\/wp\/v2\/pages\/139\/revisions"}],"predecessor-version":[{"id":4738,"href":"http:\/\/langtanochlust.com\/index.php?rest_route=\/wp\/v2\/pages\/139\/revisions\/4738"}],"wp:attachment":[{"href":"http:\/\/langtanochlust.com\/index.php?rest_route=%2Fwp%2Fv2%2Fmedia&parent=139"}],"curies":[{"name":"wp","href":"https:\/\/api.w.org\/{rel}","templated":true}]}}